{"id":8135,"date":"2024-07-26T18:01:55","date_gmt":"2024-07-26T16:01:55","guid":{"rendered":"https:\/\/www.kolhammer-mahringer.at\/objets\/"},"modified":"2024-07-26T18:03:09","modified_gmt":"2024-07-26T16:03:09","slug":"objets","status":"publish","type":"page","link":"https:\/\/www.kolhammer-mahringer.at\/fr\/objets\/","title":{"rendered":"Objets"},"content":{"rendered":"\t\t<div data-elementor-type=\"wp-page\" data-elementor-id=\"8135\" class=\"elementor elementor-8135 elementor-8131\" data-elementor-post-type=\"page\">\n\t\t\t\t\t\t<section class=\"elementor-section elementor-top-section elementor-element elementor-element-59d474ab elementor-section-content-middle elementor-section-boxed elementor-section-height-default elementor-section-height-default\" data-id=\"59d474ab\" data-element_type=\"section\" data-settings=\"{&quot;background_background&quot;:&quot;classic&quot;}\">\n\t\t\t\t\t\t<div class=\"elementor-container elementor-column-gap-no\">\n\t\t\t\t\t<div class=\"elementor-column elementor-col-100 elementor-top-column elementor-element elementor-element-4576af60\" data-id=\"4576af60\" data-element_type=\"column\">\n\t\t\t<div class=\"elementor-widget-wrap elementor-element-populated\">\n\t\t\t\t\t\t<div class=\"elementor-element elementor-element-6cffaf3f elementor-invisible elementor-widget elementor-widget-heading\" data-id=\"6cffaf3f\" data-element_type=\"widget\" data-settings=\"{&quot;_animation&quot;:&quot;fadeIn&quot;}\" data-widget_type=\"heading.default\">\n\t\t\t\t<div class=\"elementor-widget-container\">\n\t\t\t<h2 class=\"elementor-heading-title elementor-size-default\">Objets<\/h2>\t\t<\/div>\n\t\t\t\t<\/div>\n\t\t\t\t<div class=\"elementor-element elementor-element-40b45226 elementor-widget-divider--view-line elementor-invisible elementor-widget elementor-widget-divider\" data-id=\"40b45226\" data-element_type=\"widget\" data-settings=\"{&quot;_animation&quot;:&quot;fadeIn&quot;,&quot;_animation_delay&quot;:&quot;200&quot;}\" data-widget_type=\"divider.default\">\n\t\t\t\t<div class=\"elementor-widget-container\">\n\t\t\t\t\t<div class=\"elementor-divider\">\n\t\t\t<span class=\"elementor-divider-separator\">\n\t\t\t\t\t\t<\/span>\n\t\t<\/div>\n\t\t\t\t<\/div>\n\t\t\t\t<\/div>\n\t\t\t\t<div class=\"elementor-element elementor-element-4c35e27f elementor-widget elementor-widget-text-editor\" data-id=\"4c35e27f\" data-element_type=\"widget\" data-widget_type=\"text-editor.default\">\n\t\t\t\t<div class=\"elementor-widget-container\">\n\t\t\t\t\t\t\t<p>Nos points forts actuels<\/p>\n\t\t\t\t\t\t<\/div>\n\t\t\t\t<\/div>\n\t\t\t\t\t<\/div>\n\t\t<\/div>\n\t\t\t\t\t<\/div>\n\t\t<\/section>\n\t\t\t\t<section class=\"elementor-section elementor-top-section elementor-element elementor-element-cd97974 elementor-section-boxed elementor-section-height-default elementor-section-height-default\" data-id=\"cd97974\" data-element_type=\"section\">\n\t\t\t\t\t\t<div class=\"elementor-container elementor-column-gap-default\">\n\t\t\t\t\t<div class=\"elementor-column elementor-col-100 elementor-top-column elementor-element elementor-element-fa3e098\" data-id=\"fa3e098\" data-element_type=\"column\">\n\t\t\t<div class=\"elementor-widget-wrap elementor-element-populated\">\n\t\t\t\t\t\t\t<\/div>\n\t\t<\/div>\n\t\t\t\t\t<\/div>\n\t\t<\/section>\n\t\t\t\t<section class=\"elementor-section elementor-top-section elementor-element elementor-element-132e946 elementor-section-content-top elementor-section-boxed elementor-section-height-default elementor-section-height-default\" data-id=\"132e946\" data-element_type=\"section\" data-settings=\"{&quot;background_background&quot;:&quot;classic&quot;}\">\n\t\t\t\t\t\t<div class=\"elementor-container elementor-column-gap-no\">\n\t\t\t\t\t<div class=\"elementor-column elementor-col-20 elementor-top-column elementor-element elementor-element-6373390\" data-id=\"6373390\" data-element_type=\"column\">\n\t\t\t<div class=\"elementor-widget-wrap elementor-element-populated\">\n\t\t\t\t\t\t<div class=\"elementor-element elementor-element-309f4d8 elementor-widget elementor-widget-text-editor\" data-id=\"309f4d8\" data-element_type=\"widget\" data-widget_type=\"text-editor.default\">\n\t\t\t\t<div class=\"elementor-widget-container\">\n\t\t\t\t\t\t\t<p>Nous achetons des peintures et des sculptures de qualit\u00e9 ainsi que des antiquit\u00e9s de toutes les \u00e9poques (de l&rsquo;Antiquit\u00e9 \u00e0 nos jours).<\/p>\n<p>Trois g\u00e9n\u00e9rations d&rsquo;exp\u00e9rience dans le commerce de l&rsquo;art au plus haut niveau nous donnent la possibilit\u00e9 d&rsquo;acqu\u00e9rir \u00e9galement des objets importants. Nous sommes un partenaire s\u00e9rieux et discret pour les objets individuels, les collections enti\u00e8res et les successions.<\/p>\n<p>Nous nous r\u00e9jouissons de votre prise de contact avec notre galerie.<\/p>\n\t\t\t\t\t\t<\/div>\n\t\t\t\t<\/div>\n\t\t\t\t<div class=\"elementor-element elementor-element-60f3aab elementor-shape-square e-grid-align-left e-grid-align-tablet-center elementor-grid-0 elementor-widget elementor-widget-social-icons\" data-id=\"60f3aab\" data-element_type=\"widget\" data-widget_type=\"social-icons.default\">\n\t\t\t\t<div class=\"elementor-widget-container\">\n\t\t\t\t\t<div class=\"elementor-social-icons-wrapper elementor-grid\">\n\t\t\t\t\t\t\t<span class=\"elementor-grid-item\">\n\t\t\t\t\t<a class=\"elementor-icon elementor-social-icon elementor-social-icon-facebook-f elementor-repeater-item-1a6c18d\" target=\"_blank\">\n\t\t\t\t\t\t<span class=\"elementor-screen-only\">Facebook-f<\/span>\n\t\t\t\t\t\t<i class=\"fab fa-facebook-f\"><\/i>\t\t\t\t\t<\/a>\n\t\t\t\t<\/span>\n\t\t\t\t\t\t\t<span class=\"elementor-grid-item\">\n\t\t\t\t\t<a class=\"elementor-icon elementor-social-icon elementor-social-icon-instagram elementor-repeater-item-3bf90e6\" target=\"_blank\">\n\t\t\t\t\t\t<span class=\"elementor-screen-only\">Instagram<\/span>\n\t\t\t\t\t\t<i class=\"fab fa-instagram\"><\/i>\t\t\t\t\t<\/a>\n\t\t\t\t<\/span>\n\t\t\t\t\t<\/div>\n\t\t\t\t<\/div>\n\t\t\t\t<\/div>\n\t\t\t\t\t<\/div>\n\t\t<\/div>\n\t\t\t\t<div class=\"elementor-column elementor-col-20 elementor-top-column elementor-element elementor-element-26dad53\" data-id=\"26dad53\" data-element_type=\"column\">\n\t\t\t<div class=\"elementor-widget-wrap\">\n\t\t\t\t\t\t\t<\/div>\n\t\t<\/div>\n\t\t\t\t<div class=\"elementor-column elementor-col-20 elementor-top-column elementor-element elementor-element-24e444b\" data-id=\"24e444b\" data-element_type=\"column\">\n\t\t\t<div class=\"elementor-widget-wrap elementor-element-populated\">\n\t\t\t\t\t\t<div class=\"elementor-element elementor-element-75d57ae elementor-widget elementor-widget-heading\" data-id=\"75d57ae\" data-element_type=\"widget\" data-widget_type=\"heading.default\">\n\t\t\t\t<div class=\"elementor-widget-container\">\n\t\t\t<h2 class=\"elementor-heading-title elementor-size-default\">  Restez inform\u00e9 !<br>\n<br>  S'INSCRIRE \u00c0 LA NEWSLETTER :<\/h2>\t\t<\/div>\n\t\t\t\t<\/div>\n\t\t\t\t<div class=\"elementor-element elementor-element-b6ca8b1 elementor-button-align-center elementor-widget elementor-widget-form\" data-id=\"b6ca8b1\" data-element_type=\"widget\" data-settings=\"{&quot;step_next_label&quot;:&quot;Suivant&quot;,&quot;step_previous_label&quot;:&quot;Previous&quot;,&quot;button_width&quot;:&quot;100&quot;,&quot;step_type&quot;:&quot;number_text&quot;,&quot;step_icon_shape&quot;:&quot;circle&quot;}\" data-widget_type=\"form.default\">\n\t\t\t\t<div class=\"elementor-widget-container\">\n\t\t\t\t\t<form class=\"elementor-form\" method=\"post\" name=\"Nouvelle forme\">\n\t\t\t<input type=\"hidden\" name=\"post_id\" value=\"8135\"\/>\n\t\t\t<input type=\"hidden\" name=\"form_id\" value=\"b6ca8b1\"\/>\n\t\t\t<input type=\"hidden\" name=\"referer_title\" value=\"Kolhammer &amp; Mahringer Fine Arts\" \/>\n\n\t\t\t\n\t\t\t<div class=\"elementor-form-fields-wrapper elementor-labels-above\">\n\t\t\t\t\t\t\t\t<div class=\"elementor-field-type-email elementor-field-group elementor-column elementor-field-group-email elementor-col-100 elementor-field-required elementor-mark-required\">\n\t\t\t\t\t\t\t\t\t\t\t\t\t<input size=\"1\" type=\"email\" name=\"form_fields[email]\" id=\"form-field-email\" class=\"elementor-field elementor-size-sm  elementor-field-textual\" placeholder=\"Email\" required=\"required\" aria-required=\"true\">\n\t\t\t\t\t\t\t\t\t\t\t<\/div>\n\t\t\t\t\t\t\t\t<div class=\"elementor-field-group elementor-column elementor-field-type-submit elementor-col-100 e-form__buttons\">\n\t\t\t\t\t<button class=\"elementor-button elementor-size-xs\" type=\"submit\">\n\t\t\t\t\t\t<span class=\"elementor-button-content-wrapper\">\n\t\t\t\t\t\t\t\t\t\t\t\t\t\t\t\t\t\t\t\t\t\t<span class=\"elementor-button-text\">S'inscrire<\/span>\n\t\t\t\t\t\t\t\t\t\t\t\t\t<\/span>\n\t\t\t\t\t<\/button>\n\t\t\t\t<\/div>\n\t\t\t<\/div>\n\t\t<\/form>\n\t\t\t\t<\/div>\n\t\t\t\t<\/div>\n\t\t\t\t\t<\/div>\n\t\t<\/div>\n\t\t\t\t<div class=\"elementor-column elementor-col-20 elementor-top-column elementor-element elementor-element-b84f02c\" data-id=\"b84f02c\" data-element_type=\"column\">\n\t\t\t<div class=\"elementor-widget-wrap\">\n\t\t\t\t\t\t\t<\/div>\n\t\t<\/div>\n\t\t\t\t<div class=\"elementor-column elementor-col-20 elementor-top-column elementor-element elementor-element-42eee8a\" data-id=\"42eee8a\" data-element_type=\"column\">\n\t\t\t<div class=\"elementor-widget-wrap elementor-element-populated\">\n\t\t\t\t\t\t<div class=\"elementor-element elementor-element-f909db6 elementor-widget elementor-widget-heading\" data-id=\"f909db6\" data-element_type=\"widget\" data-widget_type=\"heading.default\">\n\t\t\t\t<div class=\"elementor-widget-container\">\n\t\t\t<h5 class=\"elementor-heading-title elementor-size-default\">Contact<\/h5>\t\t<\/div>\n\t\t\t\t<\/div>\n\t\t\t\t<div class=\"elementor-element elementor-element-5534965 elementor-widget elementor-widget-text-editor\" data-id=\"5534965\" data-element_type=\"widget\" data-widget_type=\"text-editor.default\">\n\t\t\t\t<div class=\"elementor-widget-container\">\n\t\t\t\t\t\t\t<p>Kolhammer &amp; Mahringer, fine arts<br \/>Penzingerstrasse 23<br \/>A- 1140 Vienna\/Europe<\/p>\n<p>Salle d&rsquo;exposition Sch\u00f6nbrunn<\/p>\n<p>Alfred Kolhammer +43 676 412 88 88<\/p>\n<p>Rudolf Mahringer +43 664 574 42 74<\/p>\n<p><a href=\"office@kolhammer-mahringer.at\" target=\"_blank\" rel=\"noopener\">Inscription \u00e0 la newsletter<\/a><\/p>\n<p>email :<br \/><a href=\"mailto:office@kolhammer-mahringer.at\">office@kolhammer-mahringer.at<\/a><\/p>\n\t\t\t\t\t\t<\/div>\n\t\t\t\t<\/div>\n\t\t\t\t\t<\/div>\n\t\t<\/div>\n\t\t\t\t\t<\/div>\n\t\t<\/section>\n\t\t\t\t<\/div>\n\t\t","protected":false},"excerpt":{"rendered":"<p>Objets Nos points forts actuels Nous achetons des peintures et des sculptures de qualit\u00e9 ainsi que des antiquit\u00e9s de toutes les \u00e9poques (de l&rsquo;Antiquit\u00e9 \u00e0 nos jours). Trois g\u00e9n\u00e9rations d&rsquo;exp\u00e9rience dans le commerce de l&rsquo;art au plus haut niveau nous donnent la possibilit\u00e9 d&rsquo;acqu\u00e9rir \u00e9galement des objets importants. Nous sommes un partenaire s\u00e9rieux et discret [&hellip;]<\/p>\n","protected":false},"author":3,"featured_media":0,"parent":0,"menu_order":0,"comment_status":"closed","ping_status":"closed","template":"","meta":{"pgc_sgb_lightbox_settings":"","footnotes":""},"class_list":["post-8135","page","type-page","status-publish","hentry"],"yoast_head":"<!-- This site is optimized with the Yoast SEO plugin v24.0 - https:\/\/yoast.com\/wordpress\/plugins\/seo\/ -->\n<title>Objets - Kolhammer &amp; Mahringer Fine Arts<\/title>\n<meta name=\"robots\" content=\"index, follow, max-snippet:-1, max-image-preview:large, max-video-preview:-1\" \/>\n<link rel=\"canonical\" href=\"https:\/\/www.kolhammer-mahringer.at\/fr\/objets\/\" \/>\n<meta property=\"og:locale\" content=\"fr_FR\" \/>\n<meta property=\"og:type\" content=\"article\" \/>\n<meta property=\"og:title\" content=\"Objets - Kolhammer &amp; Mahringer Fine Arts\" \/>\n<meta property=\"og:description\" content=\"Objets Nos points forts actuels Nous achetons des peintures et des sculptures de qualit\u00e9 ainsi que des antiquit\u00e9s de toutes les \u00e9poques (de l&rsquo;Antiquit\u00e9 \u00e0 nos jours). Trois g\u00e9n\u00e9rations d&rsquo;exp\u00e9rience dans le commerce de l&rsquo;art au plus haut niveau nous donnent la possibilit\u00e9 d&rsquo;acqu\u00e9rir \u00e9galement des objets importants. Nous sommes un partenaire s\u00e9rieux et discret [&hellip;]\" \/>\n<meta property=\"og:url\" content=\"https:\/\/www.kolhammer-mahringer.at\/fr\/objets\/\" \/>\n<meta property=\"og:site_name\" content=\"Kolhammer &amp; Mahringer Fine Arts\" \/>\n<meta property=\"article:publisher\" content=\"https:\/\/www.facebook.com\/kolhammermahringerfinearts\" \/>\n<meta property=\"article:modified_time\" content=\"2024-07-26T16:03:09+00:00\" \/>\n<meta name=\"twitter:card\" content=\"summary_large_image\" \/>\n<meta name=\"twitter:label1\" content=\"Dur\u00e9e de lecture estim\u00e9e\" \/>\n\t<meta name=\"twitter:data1\" content=\"1 minute\" \/>\n<script type=\"application\/ld+json\" class=\"yoast-schema-graph\">{\"@context\":\"https:\/\/schema.org\",\"@graph\":[{\"@type\":\"WebPage\",\"@id\":\"https:\/\/www.kolhammer-mahringer.at\/fr\/objets\/\",\"url\":\"https:\/\/www.kolhammer-mahringer.at\/fr\/objets\/\",\"name\":\"Objets - Kolhammer &amp; Mahringer Fine Arts\",\"isPartOf\":{\"@id\":\"https:\/\/www.kolhammer-mahringer.at\/fr\/#website\"},\"datePublished\":\"2024-07-26T16:01:55+00:00\",\"dateModified\":\"2024-07-26T16:03:09+00:00\",\"breadcrumb\":{\"@id\":\"https:\/\/www.kolhammer-mahringer.at\/fr\/objets\/#breadcrumb\"},\"inLanguage\":\"fr-FR\",\"potentialAction\":[{\"@type\":\"ReadAction\",\"target\":[\"https:\/\/www.kolhammer-mahringer.at\/fr\/objets\/\"]}]},{\"@type\":\"BreadcrumbList\",\"@id\":\"https:\/\/www.kolhammer-mahringer.at\/fr\/objets\/#breadcrumb\",\"itemListElement\":[{\"@type\":\"ListItem\",\"position\":1,\"name\":\"Startseite\",\"item\":\"https:\/\/www.kolhammer-mahringer.at\/fr\/\"},{\"@type\":\"ListItem\",\"position\":2,\"name\":\"Objets\"}]},{\"@type\":\"WebSite\",\"@id\":\"https:\/\/www.kolhammer-mahringer.at\/fr\/#website\",\"url\":\"https:\/\/www.kolhammer-mahringer.at\/fr\/\",\"name\":\"Kolhammer &amp; Mahringer Fine Arts\",\"description\":\"\",\"publisher\":{\"@id\":\"https:\/\/www.kolhammer-mahringer.at\/fr\/#organization\"},\"potentialAction\":[{\"@type\":\"SearchAction\",\"target\":{\"@type\":\"EntryPoint\",\"urlTemplate\":\"https:\/\/www.kolhammer-mahringer.at\/fr\/?s={search_term_string}\"},\"query-input\":{\"@type\":\"PropertyValueSpecification\",\"valueRequired\":true,\"valueName\":\"search_term_string\"}}],\"inLanguage\":\"fr-FR\"},{\"@type\":\"Organization\",\"@id\":\"https:\/\/www.kolhammer-mahringer.at\/fr\/#organization\",\"name\":\"Kohlhammer & Mahringer Fine Arts\",\"url\":\"https:\/\/www.kolhammer-mahringer.at\/fr\/\",\"logo\":{\"@type\":\"ImageObject\",\"inLanguage\":\"fr-FR\",\"@id\":\"https:\/\/www.kolhammer-mahringer.at\/fr\/#\/schema\/logo\/image\/\",\"url\":\"https:\/\/www.kolhammer-mahringer.at\/wp-content\/uploads\/2022\/03\/cropped-Kolhammer-logo-GOLD.png\",\"contentUrl\":\"https:\/\/www.kolhammer-mahringer.at\/wp-content\/uploads\/2022\/03\/cropped-Kolhammer-logo-GOLD.png\",\"width\":8477,\"height\":1394,\"caption\":\"Kohlhammer & Mahringer Fine Arts\"},\"image\":{\"@id\":\"https:\/\/www.kolhammer-mahringer.at\/fr\/#\/schema\/logo\/image\/\"},\"sameAs\":[\"https:\/\/www.facebook.com\/kolhammermahringerfinearts\",\"https:\/\/www.instagram.com\/kolhammermahringerfinearts\/?hl=de\"]}]}<\/script>\n<!-- \/ Yoast SEO plugin. -->","yoast_head_json":{"title":"Objets - Kolhammer &amp; Mahringer Fine Arts","robots":{"index":"index","follow":"follow","max-snippet":"max-snippet:-1","max-image-preview":"max-image-preview:large","max-video-preview":"max-video-preview:-1"},"canonical":"https:\/\/www.kolhammer-mahringer.at\/fr\/objets\/","og_locale":"fr_FR","og_type":"article","og_title":"Objets - Kolhammer &amp; Mahringer Fine Arts","og_description":"Objets Nos points forts actuels Nous achetons des peintures et des sculptures de qualit\u00e9 ainsi que des antiquit\u00e9s de toutes les \u00e9poques (de l&rsquo;Antiquit\u00e9 \u00e0 nos jours). Trois g\u00e9n\u00e9rations d&rsquo;exp\u00e9rience dans le commerce de l&rsquo;art au plus haut niveau nous donnent la possibilit\u00e9 d&rsquo;acqu\u00e9rir \u00e9galement des objets importants. Nous sommes un partenaire s\u00e9rieux et discret [&hellip;]","og_url":"https:\/\/www.kolhammer-mahringer.at\/fr\/objets\/","og_site_name":"Kolhammer &amp; Mahringer Fine Arts","article_publisher":"https:\/\/www.facebook.com\/kolhammermahringerfinearts","article_modified_time":"2024-07-26T16:03:09+00:00","twitter_card":"summary_large_image","twitter_misc":{"Dur\u00e9e de lecture estim\u00e9e":"1 minute"},"schema":{"@context":"https:\/\/schema.org","@graph":[{"@type":"WebPage","@id":"https:\/\/www.kolhammer-mahringer.at\/fr\/objets\/","url":"https:\/\/www.kolhammer-mahringer.at\/fr\/objets\/","name":"Objets - Kolhammer &amp; Mahringer Fine Arts","isPartOf":{"@id":"https:\/\/www.kolhammer-mahringer.at\/fr\/#website"},"datePublished":"2024-07-26T16:01:55+00:00","dateModified":"2024-07-26T16:03:09+00:00","breadcrumb":{"@id":"https:\/\/www.kolhammer-mahringer.at\/fr\/objets\/#breadcrumb"},"inLanguage":"fr-FR","potentialAction":[{"@type":"ReadAction","target":["https:\/\/www.kolhammer-mahringer.at\/fr\/objets\/"]}]},{"@type":"BreadcrumbList","@id":"https:\/\/www.kolhammer-mahringer.at\/fr\/objets\/#breadcrumb","itemListElement":[{"@type":"ListItem","position":1,"name":"Startseite","item":"https:\/\/www.kolhammer-mahringer.at\/fr\/"},{"@type":"ListItem","position":2,"name":"Objets"}]},{"@type":"WebSite","@id":"https:\/\/www.kolhammer-mahringer.at\/fr\/#website","url":"https:\/\/www.kolhammer-mahringer.at\/fr\/","name":"Kolhammer &amp; Mahringer Fine Arts","description":"","publisher":{"@id":"https:\/\/www.kolhammer-mahringer.at\/fr\/#organization"},"potentialAction":[{"@type":"SearchAction","target":{"@type":"EntryPoint","urlTemplate":"https:\/\/www.kolhammer-mahringer.at\/fr\/?s={search_term_string}"},"query-input":{"@type":"PropertyValueSpecification","valueRequired":true,"valueName":"search_term_string"}}],"inLanguage":"fr-FR"},{"@type":"Organization","@id":"https:\/\/www.kolhammer-mahringer.at\/fr\/#organization","name":"Kohlhammer & Mahringer Fine Arts","url":"https:\/\/www.kolhammer-mahringer.at\/fr\/","logo":{"@type":"ImageObject","inLanguage":"fr-FR","@id":"https:\/\/www.kolhammer-mahringer.at\/fr\/#\/schema\/logo\/image\/","url":"https:\/\/www.kolhammer-mahringer.at\/wp-content\/uploads\/2022\/03\/cropped-Kolhammer-logo-GOLD.png","contentUrl":"https:\/\/www.kolhammer-mahringer.at\/wp-content\/uploads\/2022\/03\/cropped-Kolhammer-logo-GOLD.png","width":8477,"height":1394,"caption":"Kohlhammer & Mahringer Fine Arts"},"image":{"@id":"https:\/\/www.kolhammer-mahringer.at\/fr\/#\/schema\/logo\/image\/"},"sameAs":["https:\/\/www.facebook.com\/kolhammermahringerfinearts","https:\/\/www.instagram.com\/kolhammermahringerfinearts\/?hl=de"]}]}},"_links":{"self":[{"href":"https:\/\/www.kolhammer-mahringer.at\/fr\/wp-json\/wp\/v2\/pages\/8135","targetHints":{"allow":["GET"]}}],"collection":[{"href":"https:\/\/www.kolhammer-mahringer.at\/fr\/wp-json\/wp\/v2\/pages"}],"about":[{"href":"https:\/\/www.kolhammer-mahringer.at\/fr\/wp-json\/wp\/v2\/types\/page"}],"author":[{"embeddable":true,"href":"https:\/\/www.kolhammer-mahringer.at\/fr\/wp-json\/wp\/v2\/users\/3"}],"replies":[{"embeddable":true,"href":"https:\/\/www.kolhammer-mahringer.at\/fr\/wp-json\/wp\/v2\/comments?post=8135"}],"version-history":[{"count":0,"href":"https:\/\/www.kolhammer-mahringer.at\/fr\/wp-json\/wp\/v2\/pages\/8135\/revisions"}],"wp:attachment":[{"href":"https:\/\/www.kolhammer-mahringer.at\/fr\/wp-json\/wp\/v2\/media?parent=8135"}],"curies":[{"name":"wp","href":"https:\/\/api.w.org\/{rel}","templated":true}]}}